{"id":30,"date":"2021-11-02T21:01:05","date_gmt":"2021-11-02T20:01:05","guid":{"rendered":"http:\/\/soumans.fr\/?page_id=30"},"modified":"2025-12-20T16:59:57","modified_gmt":"2025-12-20T15:59:57","slug":"le-nouveau-e-mucem-ouvre-ses-portes-2","status":"publish","type":"page","link":"https:\/\/soumans.fr\/","title":{"rendered":"Retrouvez les actualit\u00e9s de la commune sur Soumans.fr"},"content":{"rendered":"\n<div class=\"wp-block-group alignwide\"><div class=\"wp-block-group__inner-container is-layout-flow wp-block-group-is-layout-flow\">\n<h2 class=\"wp-block-heading has-text-align-center\">La premi\u00e8re destination pour rester inform\u00e9s. <\/h2>\n<\/div><\/div>\n\n\n\n<hr class=\"wp-block-separator has-alpha-channel-opacity\"\/>\n\n\n\n<figure class=\"wp-block-gallery has-nested-images columns-default is-cropped wp-block-gallery-1 is-layout-flex wp-block-gallery-is-layout-flex\">\n<figure class=\"wp-block-image size-large is-style-default\"><img loading=\"lazy\" decoding=\"async\" width=\"1024\" height=\"768\" data-id=\"658\" src=\"https:\/\/soumans.fr\/wp-content\/uploads\/2025\/12\/news-9394916_1920-1024x768.jpg\" alt=\"\" class=\"wp-image-658\" srcset=\"https:\/\/soumans.fr\/wp-content\/uploads\/2025\/12\/news-9394916_1920-1024x768.jpg 1024w, https:\/\/soumans.fr\/wp-content\/uploads\/2025\/12\/news-9394916_1920-300x225.jpg 300w, https:\/\/soumans.fr\/wp-content\/uploads\/2025\/12\/news-9394916_1920-768x576.jpg 768w, https:\/\/soumans.fr\/wp-content\/uploads\/2025\/12\/news-9394916_1920-1536x1152.jpg 1536w, https:\/\/soumans.fr\/wp-content\/uploads\/2025\/12\/news-9394916_1920-140x105.jpg 140w, https:\/\/soumans.fr\/wp-content\/uploads\/2025\/12\/news-9394916_1920.jpg 1920w\" sizes=\"auto, (max-width: 1024px) 100vw, 1024px\" \/><\/figure>\n<\/figure>\n\n\n\n<h2 class=\"wp-block-heading\">Toutes les nouvelles de notre village, juste pour vous ! Le bulletin municipal de fin d&rsquo;ann\u00e9e est arriv\u00e9.<\/h2>\n\n\n\n<div class=\"wp-block-buttons is-content-justification-center is-layout-flex wp-container-core-buttons-is-layout-16018d1d wp-block-buttons-is-layout-flex\">\n<div class=\"wp-block-button is-style-outline is-style-outline--2\"><a class=\"wp-block-button__link wp-element-button\" href=\"https:\/\/soumans.fr\/wp-content\/uploads\/2021\/11\/22-Bulletin-municipal-decembre-2025.pdf\" target=\"_blank\" rel=\"noreferrer noopener\">Lire le bulletin<\/a><\/div>\n<\/div>\n\n\n\n<hr class=\"wp-block-separator has-alpha-channel-opacity\"\/>\n\n\n\n<div class=\"wp-block-columns alignwide is-layout-flex wp-container-core-columns-is-layout-9d6595d7 wp-block-columns-is-layout-flex\">\n<div class=\"wp-block-column is-layout-flow wp-block-column-is-layout-flow\">\n<div class=\"wp-block-group\"><div class=\"wp-block-group__inner-container is-layout-flow wp-block-group-is-layout-flow\">\n<h3 class=\"wp-block-heading\">Information Municipale : Proc\u00e9dure de reprise des concessions \u00e0 l&rsquo;\u00e9tat d&rsquo;abandon<\/h3>\n\n\n\n<p>Le Maire informe qu&rsquo;une proc\u00e9dure de reprise des concessions \u00e0 l&rsquo;\u00e9tat visuel d&rsquo;abandon est engag\u00e9e dans le cimeti\u00e8re communal de Soumans.<\/p>\n\n\n\n<div class=\"wp-block-buttons is-content-justification-center is-layout-flex wp-container-core-buttons-is-layout-16018d1d wp-block-buttons-is-layout-flex\">\n<div class=\"wp-block-button is-style-outline is-style-outline--3\"><a class=\"wp-block-button__link wp-element-button\" href=\"https:\/\/soumans.fr\/?p=569\">Lire la suite<\/a><\/div>\n<\/div>\n\n\n\n<hr class=\"wp-block-separator has-css-opacity\"\/>\n<\/div><\/div>\n\n\n\n<div class=\"wp-block-group\"><div class=\"wp-block-group__inner-container is-layout-flow wp-block-group-is-layout-flow\">\n<figure class=\"wp-block-image alignfull size-full\"><img loading=\"lazy\" decoding=\"async\" width=\"260\" height=\"346\" src=\"https:\/\/soumans.fr\/wp-content\/uploads\/2021\/11\/PARNIERE.jpg\" alt=\"\" class=\"wp-image-282\" srcset=\"https:\/\/soumans.fr\/wp-content\/uploads\/2021\/11\/PARNIERE.jpg 260w, https:\/\/soumans.fr\/wp-content\/uploads\/2021\/11\/PARNIERE-225x300.jpg 225w, https:\/\/soumans.fr\/wp-content\/uploads\/2021\/11\/PARNIERE-140x186.jpg 140w\" sizes=\"auto, (max-width: 260px) 100vw, 260px\" \/><\/figure>\n\n\n\n<h3 class=\"wp-block-heading\">Le mot du maire<\/h3>\n\n\n\n<p>Avec mes coll\u00e8gues du conseil municipal, je suis heureux de vous souhaiter la bienvenue sur le site de la commune de Soumans.<\/p>\n\n\n\n<div class=\"wp-block-button is-style-outline is-style-outline--4\"><a class=\"wp-block-button__link wp-element-button\" href=\"https:\/\/soumans.fr\/?p=307\">Lire la suite<\/a><\/div>\n<\/div><\/div>\n\n\n\n<hr class=\"wp-block-separator has-css-opacity\"\/>\n<\/div>\n\n\n\n<div class=\"wp-block-column is-layout-flow wp-block-column-is-layout-flow\">\n<div class=\"wp-block-group\"><div class=\"wp-block-group__inner-container is-layout-flow wp-block-group-is-layout-flow\">\n<hr class=\"wp-block-separator has-css-opacity\"\/>\n<\/div><\/div>\n\n\n\n<h3 class=\"wp-block-heading\">Soumans \u00ab\u00a0Toujours en \u00e9veil\u00a0\u00bb (devise des \u00e9lus de la commune)<\/h3>\n\n\n\n<p>Cher voyageur, lorsque tu arriveras dans le bourg de Soumans, commune de 600 habitants, tu seras ravi de d\u00e9couvrir nombre de commerces et de services. R\u00e9cemment un atelier de peinture a ouvert ses portes, et Lucile propose des cours de dessin et d&rsquo;arts plastiques pour tous. R\u00e9guli\u00e8rement, Sylvain qui, par ailleurs, donne des cours de musique, &#8230;<\/p>\n\n\n\n<div class=\"wp-block-buttons is-layout-flex wp-block-buttons-is-layout-flex\">\n<div class=\"wp-block-button aligncenter is-style-outline is-style-outline--5\"><a class=\"wp-block-button__link wp-element-button\" href=\"https:\/\/soumans.fr\/?p=439\">Lire la suite<\/a><\/div>\n<\/div>\n<\/div>\n<\/div>\n\n\n\n<figure class=\"wp-block-gallery alignwide has-nested-images columns-default is-cropped wp-block-gallery-6 is-layout-flex wp-block-gallery-is-layout-flex\">\n<figure class=\"wp-block-image size-full\"><img loading=\"lazy\" decoding=\"async\" width=\"591\" height=\"174\" data-id=\"402\" src=\"https:\/\/soumans.fr\/wp-content\/uploads\/2022\/03\/Humanoa-logo.png\" alt=\"\" class=\"wp-image-402\" srcset=\"https:\/\/soumans.fr\/wp-content\/uploads\/2022\/03\/Humanoa-logo.png 591w, https:\/\/soumans.fr\/wp-content\/uploads\/2022\/03\/Humanoa-logo-300x88.png 300w, https:\/\/soumans.fr\/wp-content\/uploads\/2022\/03\/Humanoa-logo-140x41.png 140w\" sizes=\"auto, (max-width: 591px) 100vw, 591px\" \/><\/figure>\n<\/figure>\n\n\n\n<p class=\"has-drop-cap\">La r\u00e9sidence colocation senior HUMANOA est pr\u00eate \u00e0 accueillir ses premiers colocataires, situ\u00e9e en plein bourg de Soumans lotissement de l\u2019Arboretum.&nbsp;&nbsp;&nbsp;&nbsp;&nbsp;&nbsp;&nbsp;&nbsp;&nbsp;&nbsp;&nbsp;<\/p>\n\n\n\n<p>Ce nouveau concept de domicile pour personnes \u00e2g\u00e9es permet de rompre l\u2019isolement et la solitude en conservant son autonomie, son intimit\u00e9 et de pr\u00e9server l\u2019ensemble de ses facult\u00e9s physiques et mentales.<\/p>\n\n\n\n<p>La r\u00e9sidence pourra accueillir 11 colocataires&nbsp;: 8 personnes au rez-de-chauss\u00e9e et 3 \u00e0 l\u2019\u00e9tage.<\/p>\n\n\n\n<div class=\"wp-block-group\"><div class=\"wp-block-group__inner-container is-layout-flow wp-block-group-is-layout-flow\">\n<div class=\"wp-block-button aligncenter is-style-outline is-style-outline--7\"><a class=\"wp-block-button__link wp-element-button\" href=\"https:\/\/soumans.fr\/?p=404\" target=\"_blank\" rel=\"noreferrer noopener\">Lire la suite<\/a><\/div>\n<\/div><\/div>\n\n\n\n<p><\/p>\n","protected":false},"excerpt":{"rendered":"<p>La premi\u00e8re destination pour rester inform\u00e9s. Toutes les nouvelles de notre village, juste pour vous ! Le bulletin municipal de fin d&rsquo;ann\u00e9e est arriv\u00e9. Information Municipale : Proc\u00e9dure de reprise&hellip;<\/p>\n","protected":false},"author":1,"featured_media":29,"parent":0,"menu_order":0,"comment_status":"closed","ping_status":"closed","template":"","meta":{"footnotes":""},"class_list":["post-30","page","type-page","status-publish","has-post-thumbnail","hentry"],"_links":{"self":[{"href":"https:\/\/soumans.fr\/index.php?rest_route=\/wp\/v2\/pages\/30","targetHints":{"allow":["GET"]}}],"collection":[{"href":"https:\/\/soumans.fr\/index.php?rest_route=\/wp\/v2\/pages"}],"about":[{"href":"https:\/\/soumans.fr\/index.php?rest_route=\/wp\/v2\/types\/page"}],"author":[{"embeddable":true,"href":"https:\/\/soumans.fr\/index.php?rest_route=\/wp\/v2\/users\/1"}],"replies":[{"embeddable":true,"href":"https:\/\/soumans.fr\/index.php?rest_route=%2Fwp%2Fv2%2Fcomments&post=30"}],"version-history":[{"count":41,"href":"https:\/\/soumans.fr\/index.php?rest_route=\/wp\/v2\/pages\/30\/revisions"}],"predecessor-version":[{"id":661,"href":"https:\/\/soumans.fr\/index.php?rest_route=\/wp\/v2\/pages\/30\/revisions\/661"}],"wp:featuredmedia":[{"embeddable":true,"href":"https:\/\/soumans.fr\/index.php?rest_route=\/wp\/v2\/media\/29"}],"wp:attachment":[{"href":"https:\/\/soumans.fr\/index.php?rest_route=%2Fwp%2Fv2%2Fmedia&parent=30"}],"curies":[{"name":"wp","href":"https:\/\/api.w.org\/{rel}","templated":true}]}}