{"id":366,"date":"2021-12-29T20:04:39","date_gmt":"2021-12-29T19:04:39","guid":{"rendered":"https:\/\/soumans.fr\/?page_id=366"},"modified":"2023-03-12T17:12:12","modified_gmt":"2023-03-12T16:12:12","slug":"soumans-et-ses-alentours","status":"publish","type":"page","link":"https:\/\/soumans.fr\/?page_id=366","title":{"rendered":"Soumans et ses alentours"},"content":{"rendered":"\n<h2 class=\"wp-block-heading\">Tourisme<\/h2>\n\n\n\n<p>Arboretum de Soumans<\/p>\n\n\n\n<p>Pierres Jaum\u00e2tres<\/p>\n\n\n\n<p>Plan d&rsquo;eau d&rsquo;Herculat<\/p>\n\n\n\n<p>Eglise de Soumans 12e Si\u00e8cle<\/p>\n\n\n\n<p>Commanderie de Lavaufranche<\/p>\n\n\n\n<p>Ch\u00e2teau de Boussac<\/p>\n\n\n\n<p>Etang du Montet<\/p>\n\n\n\n<p>March\u00e9 de Boussac<\/p>\n\n\n\n<hr class=\"wp-block-separator has-css-opacity\"\/>\n\n\n\n<h2 class=\"wp-block-heading\">Loisirs et sports<\/h2>\n\n\n\n<p>Piscine intercommunale de Soumans (<a href=\"https:\/\/www.tourisme-creuse.com\/offres\/piscine-soumans-fr-2312379\/\" data-type=\"URL\" data-id=\"https:\/\/www.tourisme-creuse.com\/offres\/piscine-soumans-fr-2312379\/\" target=\"_blank\" rel=\"noreferrer noopener\">ouverture pendant les vacances d&rsquo;\u00e9t\u00e9<\/a>)<\/p>\n\n\n\n<p>Complexe sportif Eug\u00e8ne Romaine : stade de foot, boulodrome, city-stade<\/p>\n\n\n\n<p>Arboretum de Soumans : parcours promenade et jeux pour enfants<\/p>\n\n\n\n<p>Pierres jaum\u00e2tres : accrobranche, randonn\u00e9e <a href=\"https:\/\/lespierresjaumatres.fr\/en\/\" data-type=\"URL\" data-id=\"https:\/\/lespierresjaumatres.fr\/en\/\" target=\"_blank\" rel=\"noreferrer noopener\">Le chalet<\/a><\/p>\n\n\n\n<p>Plan d&rsquo;eau d&rsquo;Herculat <\/p>\n\n\n\n<p>Etang du montet : parcours sant\u00e9, p\u00eache<\/p>\n\n\n\n<p>P\u00eache (diff\u00e9rents cours d&rsquo;eau sur la commune) <a rel=\"noreferrer noopener\" href=\"https:\/\/fdpeche23.wixsite.com\/peche23\" data-type=\"URL\" data-id=\"https:\/\/fdpeche23.wixsite.com\/peche23\" target=\"_blank\">Site de la creuse<\/a><\/p>\n\n\n\n<p>Cours de musique et de chants : M. Sylvain CURA &#8211; 06.63.84.94.37 &#8211; <a href=\"mailto:sylvain.cura@orange.fr\">sylvain.cura@orange.fr<\/a><\/p>\n\n\n\n<hr class=\"wp-block-separator has-css-opacity\"\/>\n\n\n\n<h2 class=\"wp-block-heading\">Culture<\/h2>\n\n\n\n<p>Cin\u00e9ma de Boussac<\/p>\n\n\n\n<p>Eglise de Soumans 12e Si\u00e8cle<\/p>\n\n\n\n<p>Commanderie de Lavaufranche<\/p>\n\n\n\n<p>Ch\u00e2teau de Boussac<\/p>\n\n\n\n<hr class=\"wp-block-separator has-css-opacity\"\/>\n","protected":false},"excerpt":{"rendered":"<p>Tourisme Arboretum de Soumans Pierres Jaum\u00e2tres Plan d&rsquo;eau d&rsquo;Herculat Eglise de Soumans 12e Si\u00e8cle Commanderie de Lavaufranche Ch\u00e2teau de Boussac Etang du Montet March\u00e9 de Boussac Loisirs et sports Piscine&hellip;<\/p>\n","protected":false},"author":1,"featured_media":0,"parent":79,"menu_order":0,"comment_status":"closed","ping_status":"closed","template":"","meta":{"footnotes":""},"class_list":["post-366","page","type-page","status-publish","hentry"],"_links":{"self":[{"href":"https:\/\/soumans.fr\/index.php?rest_route=\/wp\/v2\/pages\/366","targetHints":{"allow":["GET"]}}],"collection":[{"href":"https:\/\/soumans.fr\/index.php?rest_route=\/wp\/v2\/pages"}],"about":[{"href":"https:\/\/soumans.fr\/index.php?rest_route=\/wp\/v2\/types\/page"}],"author":[{"embeddable":true,"href":"https:\/\/soumans.fr\/index.php?rest_route=\/wp\/v2\/users\/1"}],"replies":[{"embeddable":true,"href":"https:\/\/soumans.fr\/index.php?rest_route=%2Fwp%2Fv2%2Fcomments&post=366"}],"version-history":[{"count":3,"href":"https:\/\/soumans.fr\/index.php?rest_route=\/wp\/v2\/pages\/366\/revisions"}],"predecessor-version":[{"id":484,"href":"https:\/\/soumans.fr\/index.php?rest_route=\/wp\/v2\/pages\/366\/revisions\/484"}],"up":[{"embeddable":true,"href":"https:\/\/soumans.fr\/index.php?rest_route=\/wp\/v2\/pages\/79"}],"wp:attachment":[{"href":"https:\/\/soumans.fr\/index.php?rest_route=%2Fwp%2Fv2%2Fmedia&parent=366"}],"curies":[{"name":"wp","href":"https:\/\/api.w.org\/{rel}","templated":true}]}}